{"id":4265,"date":"2026-04-04T14:08:34","date_gmt":"2026-04-04T14:08:34","guid":{"rendered":"https:\/\/www.emanuelamonetti.it\/?page_id=4265"},"modified":"2026-04-04T16:21:10","modified_gmt":"2026-04-04T16:21:10","slug":"blog-aprile","status":"publish","type":"page","link":"https:\/\/emanuelamonetti.it\/?page_id=4265","title":{"rendered":"Blog aprile"},"content":{"rendered":"\t\t<div data-elementor-type=\"wp-page\" data-elementor-id=\"4265\" class=\"elementor elementor-4265\">\n\t\t\t\t\t\t<section class=\"elementor-section elementor-top-section elementor-element elementor-element-801c66c elementor-section-boxed elementor-section-height-default elementor-section-height-default\" data-id=\"801c66c\" data-element_type=\"section\" data-e-type=\"section\" data-settings=\"{&quot;background_background&quot;:&quot;classic&quot;}\">\n\t\t\t\t\t\t<div class=\"elementor-container elementor-column-gap-default\">\n\t\t\t\t\t<div class=\"elementor-column elementor-col-100 elementor-top-column elementor-element elementor-element-6f0b910\" data-id=\"6f0b910\" data-element_type=\"column\" data-e-type=\"column\">\n\t\t\t<div class=\"elementor-widget-wrap elementor-element-populated\">\n\t\t\t\t\t\t<div class=\"elementor-element elementor-element-9c62619 elementor-widget elementor-widget-heading\" data-id=\"9c62619\" data-element_type=\"widget\" data-e-type=\"widget\" data-widget_type=\"heading.default\">\n\t\t\t\t\t<h4 class=\"elementor-heading-title elementor-size-default\">Articoli &amp; Ispirazioni<\/h4>\t\t\t\t<\/div>\n\t\t\t\t<div class=\"elementor-element elementor-element-c8d956f elementor-invisible elementor-widget elementor-widget-heading\" data-id=\"c8d956f\" data-element_type=\"widget\" data-e-type=\"widget\" data-settings=\"{&quot;_animation&quot;:&quot;h-neuron-animation--slideUp&quot;}\" data-widget_type=\"heading.default\">\n\t\t\t\t\t<h1 class=\"elementor-heading-title elementor-size-default\">Blog<\/h1>\t\t\t\t<\/div>\n\t\t\t\t<div class=\"elementor-element elementor-element-f607fa5 elementor-widget elementor-widget-heading\" data-id=\"f607fa5\" data-element_type=\"widget\" data-e-type=\"widget\" data-widget_type=\"heading.default\">\n\t\t\t\t\t<h4 class=\"elementor-heading-title elementor-size-default\">Pensieri, tendenze e riflessioni sul mondo del design. Approfondimenti utili per imprenditori e appassionati.<\/h4>\t\t\t\t<\/div>\n\t\t\t\t\t<\/div>\n\t\t<\/div>\n\t\t\t\t\t<\/div>\n\t\t<\/section>\n\t\t\t\t<section class=\"elementor-section elementor-top-section elementor-element elementor-element-6a14589a elementor-section-boxed elementor-section-height-default elementor-section-height-default\" data-id=\"6a14589a\" data-element_type=\"section\" data-e-type=\"section\" data-settings=\"{&quot;background_background&quot;:&quot;classic&quot;}\">\n\t\t\t\t\t\t<div class=\"elementor-container elementor-column-gap-default\">\n\t\t\t\t\t<div class=\"elementor-column elementor-col-100 elementor-top-column elementor-element elementor-element-c0e8d8d\" data-id=\"c0e8d8d\" data-element_type=\"column\" data-e-type=\"column\">\n\t\t\t<div class=\"elementor-widget-wrap elementor-element-populated\">\n\t\t\t\t\t\t<div class=\"elementor-element elementor-element-8164168 l-neuron-grid-wrapper--columns__3 l-neuron-grid-wrapper-tablet--columns__2 l-neuron-grid-wrapper-mobile--columns__1 m-neuron-posts--thumbnail-top m-neuron-posts--layout-grid elementor-invisible elementor-widget elementor-widget-neuron-posts\" data-id=\"8164168\" data-element_type=\"widget\" data-e-type=\"widget\" data-settings=\"{&quot;columns&quot;:&quot;3&quot;,&quot;columns_tablet&quot;:&quot;2&quot;,&quot;columns_mobile&quot;:&quot;1&quot;,&quot;carousel&quot;:&quot;no&quot;,&quot;layout&quot;:&quot;grid&quot;,&quot;pagination&quot;:&quot;none&quot;,&quot;row_gap&quot;:{&quot;unit&quot;:&quot;px&quot;,&quot;size&quot;:35,&quot;sizes&quot;:[]},&quot;row_gap_tablet&quot;:{&quot;unit&quot;:&quot;px&quot;,&quot;size&quot;:&quot;&quot;,&quot;sizes&quot;:[]},&quot;row_gap_mobile&quot;:{&quot;unit&quot;:&quot;px&quot;,&quot;size&quot;:&quot;&quot;,&quot;sizes&quot;:[]},&quot;animation&quot;:&quot;yes&quot;,&quot;neuron_animations&quot;:&quot;h-neuron-animation--slideUp&quot;,&quot;neuron_animations_duration&quot;:&quot;animated&quot;,&quot;animation_delay&quot;:0}\" data-widget_type=\"neuron-posts.default\">\n\t\t\t\t<div class=\"elementor-widget-container\">\n\t\t\t\t\t\t\t\t\t\t\t<div class=\"l-neuron-grid\" data-masonry-id=\"3bd4fb00b04dfbd8c795ffd25a215c08\">\r\n\t\t\t\t\t\t\t\t\t\t\t\t<article class=\"l-neuron-grid__item h-neuron-animation--wow m-neuron-post post-4346 post type-post status-publish format-standard has-post-thumbnail hentry category-web-design tag-come-scegliere-palette-colori-per-marchio tag-psicologia-dei-colori-nel-branding tag-significato-dei-colori-per-brand-identity\" data-id=\"4346\">\r\n\t\t\t\t\t\t\t\t<div class=\"m-neuron-post__inner m-neuron-post__inner--classic\">\r\n            <a class=\"m-neuron-post__thumbnail--link\"  href=\"https:\/\/emanuelamonetti.it\/?p=4346\"><div class=\"m-neuron-post__thumbnail\"><img fetchpriority=\"high\" decoding=\"async\" width=\"1024\" height=\"683\" src=\"https:\/\/emanuelamonetti.it\/wp-content\/uploads\/2026\/04\/6b6853f3-f26b-483b-9ba3-9a7852b384bd-1024x683.png\" class=\"attachment-large size-large wp-post-image\" alt=\"\" srcset=\"https:\/\/emanuelamonetti.it\/wp-content\/uploads\/2026\/04\/6b6853f3-f26b-483b-9ba3-9a7852b384bd-1024x683.png 1024w, https:\/\/emanuelamonetti.it\/wp-content\/uploads\/2026\/04\/6b6853f3-f26b-483b-9ba3-9a7852b384bd-300x200.png 300w, https:\/\/emanuelamonetti.it\/wp-content\/uploads\/2026\/04\/6b6853f3-f26b-483b-9ba3-9a7852b384bd-768x512.png 768w, https:\/\/emanuelamonetti.it\/wp-content\/uploads\/2026\/04\/6b6853f3-f26b-483b-9ba3-9a7852b384bd.png 1536w\" sizes=\"(max-width: 1024px) 100vw, 1024px\" \/><\/div><\/a>        <div class=\"m-neuron-post__text\">\r\n            <h3 class=\"m-neuron-post__title\"><a href=\"https:\/\/emanuelamonetti.it\/?p=4346\">Perch\u00e9 avere un sito web \u00e8 fondamentale per i liberi professionisti<\/a><\/h3>            <span class=\"m-neuron-post__meta-data\"> <span class=\"date\"> Aprile 10, 2026<\/span> <span class=\"comments\"> No Comments<\/span> <\/span>            <div class=\"m-neuron-post__excerpt\">Perch\u00e9 avere un sito web \u00e8 fondamentale per i liberi professionisti Nel mondo digitale di oggi, avere una presenza online non \u00e8 pi\u00f9 un\u2019opzione,<\/div>            <div class=\"m-neuron-post__read-more\"><a href=\"https:\/\/emanuelamonetti.it\/?p=4346\"><span>Leggi l'articolo<\/span><span class=\"m-neuron-post__read-more--icon\"><\/span><\/a><\/div>        <\/div>\r\n    <\/div>\t\t\t\t\t\t\t<\/article>\r\n\t\t\t\t\t\t\t\t\t\t\t\t\t\t<article class=\"l-neuron-grid__item h-neuron-animation--wow m-neuron-post post-3475 post type-post status-publish format-standard has-post-thumbnail hentry category-web-design tag-come-scegliere-palette-colori-per-marchio tag-psicologia-dei-colori-nel-branding tag-significato-dei-colori-per-brand-identity\" data-id=\"3475\">\r\n\t\t\t\t\t\t\t\t<div class=\"m-neuron-post__inner m-neuron-post__inner--classic\">\r\n            <a class=\"m-neuron-post__thumbnail--link\"  href=\"https:\/\/emanuelamonetti.it\/?p=3475\"><div class=\"m-neuron-post__thumbnail\"><img decoding=\"async\" width=\"744\" height=\"559\" src=\"https:\/\/emanuelamonetti.it\/wp-content\/uploads\/2026\/02\/unnamed-e1772185973209.jpg\" class=\"attachment-large size-large wp-post-image\" alt=\"\" srcset=\"https:\/\/emanuelamonetti.it\/wp-content\/uploads\/2026\/02\/unnamed-e1772185973209.jpg 744w, https:\/\/emanuelamonetti.it\/wp-content\/uploads\/2026\/02\/unnamed-e1772185973209-300x225.jpg 300w\" sizes=\"(max-width: 744px) 100vw, 744px\" \/><\/div><\/a>        <div class=\"m-neuron-post__text\">\r\n            <h3 class=\"m-neuron-post__title\"><a href=\"https:\/\/emanuelamonetti.it\/?p=3475\">Interfacce eco-friendly: la guida di riferimento per web designer nel 2026<\/a><\/h3>            <span class=\"m-neuron-post__meta-data\"> <span class=\"date\"> Febbraio 27, 2026<\/span> <span class=\"comments\"> One Comment<\/span> <\/span>            <div class=\"m-neuron-post__excerpt\">Interfacce eco-friendly: la guida di riferimento per web designer nel 2026 Negli ultimi anni il web design ha vissuto una svolta importante: non si<\/div>            <div class=\"m-neuron-post__read-more\"><a href=\"https:\/\/emanuelamonetti.it\/?p=3475\"><span>Leggi l'articolo<\/span><span class=\"m-neuron-post__read-more--icon\"><\/span><\/a><\/div>        <\/div>\r\n    <\/div>\t\t\t\t\t\t\t<\/article>\r\n\t\t\t\t\t\t\t\t\t\t\t\t\t\t<article class=\"l-neuron-grid__item h-neuron-animation--wow m-neuron-post post-3254 post type-post status-publish format-standard has-post-thumbnail hentry category-branding tag-come-scegliere-palette-colori-per-marchio tag-psicologia-dei-colori-nel-branding tag-significato-dei-colori-per-brand-identity\" data-id=\"3254\">\r\n\t\t\t\t\t\t\t\t<div class=\"m-neuron-post__inner m-neuron-post__inner--classic\">\r\n            <a class=\"m-neuron-post__thumbnail--link\"  href=\"https:\/\/emanuelamonetti.it\/?p=3254\"><div class=\"m-neuron-post__thumbnail\"><img decoding=\"async\" width=\"414\" height=\"413\" src=\"https:\/\/emanuelamonetti.it\/wp-content\/uploads\/2022\/11\/work-classic-img-5.jpg\" class=\"attachment-large size-large wp-post-image\" alt=\"\" srcset=\"https:\/\/emanuelamonetti.it\/wp-content\/uploads\/2022\/11\/work-classic-img-5.jpg 414w, https:\/\/emanuelamonetti.it\/wp-content\/uploads\/2022\/11\/work-classic-img-5-300x300.jpg 300w, https:\/\/emanuelamonetti.it\/wp-content\/uploads\/2022\/11\/work-classic-img-5-100x100.jpg 100w, https:\/\/emanuelamonetti.it\/wp-content\/uploads\/2022\/11\/work-classic-img-5-150x150.jpg 150w\" sizes=\"(max-width: 414px) 100vw, 414px\" \/><\/div><\/a>        <div class=\"m-neuron-post__text\">\r\n            <h3 class=\"m-neuron-post__title\"><a href=\"https:\/\/emanuelamonetti.it\/?p=3254\">Psicologia dei Colori nel Branding: Guida Completa<\/a><\/h3>            <span class=\"m-neuron-post__meta-data\"> <span class=\"date\"> Febbraio 13, 2026<\/span> <span class=\"comments\"> No Comments<\/span> <\/span>            <div class=\"m-neuron-post__excerpt\">Psicologia dei Colori nel Branding: Guida Completa Il colore \u00e8 il primo elemento che il cervello umano registra quando entra in contatto con un<\/div>            <div class=\"m-neuron-post__read-more\"><a href=\"https:\/\/emanuelamonetti.it\/?p=3254\"><span>Leggi l'articolo<\/span><span class=\"m-neuron-post__read-more--icon\"><\/span><\/a><\/div>        <\/div>\r\n    <\/div>\t\t\t\t\t\t\t<\/article>\r\n\t\t\t\t\t\t\t\t\t\t\t\t\t\t<article class=\"l-neuron-grid__item h-neuron-animation--wow m-neuron-post post-3249 post type-post status-publish format-standard has-post-thumbnail hentry category-web-design tag-mobile-friendly-e-seo-per-siti-web tag-responsive-design-e-usabilita-mobile tag-sito-web-responsive-nel-2024\" data-id=\"3249\">\r\n\t\t\t\t\t\t\t\t<div class=\"m-neuron-post__inner m-neuron-post__inner--classic\">\r\n            <a class=\"m-neuron-post__thumbnail--link\"  href=\"https:\/\/emanuelamonetti.it\/?p=3249\"><div class=\"m-neuron-post__thumbnail\"><img loading=\"lazy\" decoding=\"async\" width=\"1024\" height=\"576\" src=\"https:\/\/emanuelamonetti.it\/wp-content\/uploads\/2026\/01\/webdesigner-1024x576.jpg\" class=\"attachment-large size-large wp-post-image\" alt=\"\" srcset=\"https:\/\/emanuelamonetti.it\/wp-content\/uploads\/2026\/01\/webdesigner-1024x576.jpg 1024w, https:\/\/emanuelamonetti.it\/wp-content\/uploads\/2026\/01\/webdesigner-300x169.jpg 300w, https:\/\/emanuelamonetti.it\/wp-content\/uploads\/2026\/01\/webdesigner-768x432.jpg 768w, https:\/\/emanuelamonetti.it\/wp-content\/uploads\/2026\/01\/webdesigner-1536x864.jpg 1536w, https:\/\/emanuelamonetti.it\/wp-content\/uploads\/2026\/01\/webdesigner-2048x1152.jpg 2048w, https:\/\/emanuelamonetti.it\/wp-content\/uploads\/2026\/01\/webdesigner-600x338.jpg 600w\" sizes=\"(max-width: 1024px) 100vw, 1024px\" \/><\/div><\/a>        <div class=\"m-neuron-post__text\">\r\n            <h3 class=\"m-neuron-post__title\"><a href=\"https:\/\/emanuelamonetti.it\/?p=3249\">Sito Web Responsive: Perch\u00e9 \u00e8 Fondamentale nel 2024<\/a><\/h3>            <span class=\"m-neuron-post__meta-data\"> <span class=\"date\"> Febbraio 13, 2026<\/span> <span class=\"comments\"> No Comments<\/span> <\/span>            <div class=\"m-neuron-post__excerpt\">Sito Web Responsive: Perch\u00e9 \u00e8 Fondamentale nel 2024 Nel 2024, oltre il\u00a070% del traffico web in Italia proviene da dispositivi mobili. Per le aziende<\/div>            <div class=\"m-neuron-post__read-more\"><a href=\"https:\/\/emanuelamonetti.it\/?p=3249\"><span>Leggi l'articolo<\/span><span class=\"m-neuron-post__read-more--icon\"><\/span><\/a><\/div>        <\/div>\r\n    <\/div>\t\t\t\t\t\t\t<\/article>\r\n\t\t\t\t\t\t\t\t\t\t\t\t\t\t<article class=\"l-neuron-grid__item h-neuron-animation--wow m-neuron-post post-383 post type-post status-publish format-standard has-post-thumbnail hentry category-branding tag-brand-identity-e-branding tag-importanza-del-logo-per-le-aziende tag-logo-professionale-aziendale\" data-id=\"383\">\r\n\t\t\t\t\t\t\t\t<div class=\"m-neuron-post__inner m-neuron-post__inner--classic\">\r\n            <a class=\"m-neuron-post__thumbnail--link\"  href=\"https:\/\/emanuelamonetti.it\/?p=383\"><div class=\"m-neuron-post__thumbnail\"><img loading=\"lazy\" decoding=\"async\" width=\"1024\" height=\"577\" src=\"https:\/\/emanuelamonetti.it\/wp-content\/uploads\/2022\/11\/fabbrismilemockuplogo-1024x577.png\" class=\"attachment-large size-large wp-post-image\" alt=\"fabbrismile-layout-applicazioni.jpg\" srcset=\"https:\/\/emanuelamonetti.it\/wp-content\/uploads\/2022\/11\/fabbrismilemockuplogo-1024x577.png 1024w, https:\/\/emanuelamonetti.it\/wp-content\/uploads\/2022\/11\/fabbrismilemockuplogo-1536x865.png 1536w\" sizes=\"(max-width: 1024px) 100vw, 1024px\" \/><\/div><\/a>        <div class=\"m-neuron-post__text\">\r\n            <h3 class=\"m-neuron-post__title\"><a href=\"https:\/\/emanuelamonetti.it\/?p=383\">L&#8217;Importanza di un Logo Professionale per la Tua Azienda.<\/a><\/h3>            <span class=\"m-neuron-post__meta-data\"> <span class=\"date\"> Novembre 15, 2022<\/span> <span class=\"comments\"> One Comment<\/span> <\/span>            <div class=\"m-neuron-post__excerpt\">L\u2019Importanza di un Logo Professionale per la Tua Azienda Il logo \u00e8 il primo elemento visivo che un potenziale cliente associa alla tua azienda.<\/div>            <div class=\"m-neuron-post__read-more\"><a href=\"https:\/\/emanuelamonetti.it\/?p=383\"><span>Leggi l'articolo<\/span><span class=\"m-neuron-post__read-more--icon\"><\/span><\/a><\/div>        <\/div>\r\n    <\/div>\t\t\t\t\t\t\t<\/article>\r\n\t\t\t\t\t\t\t\t\t\t\t<\/div>\r\n\t\t\t\r\n\t\t\t\t\t\t<\/div>\n\t\t\t\t<\/div>\n\t\t\t\t\t<\/div>\n\t\t<\/div>\n\t\t\t\t\t<\/div>\n\t\t<\/section>\n\t\t\t\t<\/div>\n\t\t","protected":false},"excerpt":{"rendered":"<p>Articoli &amp; Ispirazioni Blog Pensieri, tendenze e riflessioni sul mondo del design. Approfondimenti utili per imprenditori e appassionati. Interfacce eco-friendly: la guida di riferimento per web designer nel 2026 Febbraio 27, 2026 No Comments Interfacce eco-friendly: la guida di riferimento per web designer nel 2026 Negli ultimi anni il web design ha vissuto una svolta&#8230;<\/p>\n","protected":false},"author":1,"featured_media":0,"parent":0,"menu_order":0,"comment_status":"closed","ping_status":"closed","template":"","meta":{"footnotes":""},"class_list":["post-4265","page","type-page","status-publish","hentry"],"yoast_head":"<!-- This site is optimized with the Yoast SEO plugin v27.4 - https:\/\/yoast.com\/product\/yoast-seo-wordpress\/ -->\n<title>Blog aprile - Emanuela Monetti - Graphic e Web Designer<\/title>\n<meta name=\"robots\" content=\"index, follow, max-snippet:-1, max-image-preview:large, max-video-preview:-1\" \/>\n<link rel=\"canonical\" href=\"https:\/\/emanuelamonetti.it\/?page_id=4265\" \/>\n<meta property=\"og:locale\" content=\"it_IT\" \/>\n<meta property=\"og:type\" content=\"article\" \/>\n<meta property=\"og:title\" content=\"Blog aprile - Emanuela Monetti - Graphic e Web Designer\" \/>\n<meta property=\"og:description\" content=\"Articoli &amp; Ispirazioni Blog Pensieri, tendenze e riflessioni sul mondo del design. Approfondimenti utili per imprenditori e appassionati. Interfacce eco-friendly: la guida di riferimento per web designer nel 2026 Febbraio 27, 2026 No Comments Interfacce eco-friendly: la guida di riferimento per web designer nel 2026 Negli ultimi anni il web design ha vissuto una svolta...\" \/>\n<meta property=\"og:url\" content=\"https:\/\/emanuelamonetti.it\/?page_id=4265\" \/>\n<meta property=\"og:site_name\" content=\"Emanuela Monetti - Graphic e Web Designer\" \/>\n<meta property=\"article:modified_time\" content=\"2026-04-04T16:21:10+00:00\" \/>\n<meta property=\"og:image\" content=\"https:\/\/www.emanuelamonetti.it\/wp-content\/uploads\/2026\/02\/unnamed-e1772185973209.jpg\" \/>\n<meta name=\"twitter:card\" content=\"summary_large_image\" \/>\n<meta name=\"twitter:label1\" content=\"Tempo di lettura stimato\" \/>\n\t<meta name=\"twitter:data1\" content=\"1 minuto\" \/>\n<script type=\"application\/ld+json\" class=\"yoast-schema-graph\">{\"@context\":\"https:\\\/\\\/schema.org\",\"@graph\":[{\"@type\":\"WebPage\",\"@id\":\"https:\\\/\\\/emanuelamonetti.it\\\/?page_id=4265\",\"url\":\"https:\\\/\\\/emanuelamonetti.it\\\/?page_id=4265\",\"name\":\"Blog aprile - Emanuela Monetti - Graphic e Web Designer\",\"isPartOf\":{\"@id\":\"https:\\\/\\\/emanuelamonetti.it\\\/#website\"},\"primaryImageOfPage\":{\"@id\":\"https:\\\/\\\/emanuelamonetti.it\\\/?page_id=4265#primaryimage\"},\"image\":{\"@id\":\"https:\\\/\\\/emanuelamonetti.it\\\/?page_id=4265#primaryimage\"},\"thumbnailUrl\":\"https:\\\/\\\/www.emanuelamonetti.it\\\/wp-content\\\/uploads\\\/2026\\\/02\\\/unnamed-e1772185973209.jpg\",\"datePublished\":\"2026-04-04T14:08:34+00:00\",\"dateModified\":\"2026-04-04T16:21:10+00:00\",\"breadcrumb\":{\"@id\":\"https:\\\/\\\/emanuelamonetti.it\\\/?page_id=4265#breadcrumb\"},\"inLanguage\":\"it-IT\",\"potentialAction\":[{\"@type\":\"ReadAction\",\"target\":[\"https:\\\/\\\/emanuelamonetti.it\\\/?page_id=4265\"]}]},{\"@type\":\"ImageObject\",\"inLanguage\":\"it-IT\",\"@id\":\"https:\\\/\\\/emanuelamonetti.it\\\/?page_id=4265#primaryimage\",\"url\":\"https:\\\/\\\/www.emanuelamonetti.it\\\/wp-content\\\/uploads\\\/2026\\\/02\\\/unnamed-e1772185973209.jpg\",\"contentUrl\":\"https:\\\/\\\/www.emanuelamonetti.it\\\/wp-content\\\/uploads\\\/2026\\\/02\\\/unnamed-e1772185973209.jpg\"},{\"@type\":\"BreadcrumbList\",\"@id\":\"https:\\\/\\\/emanuelamonetti.it\\\/?page_id=4265#breadcrumb\",\"itemListElement\":[{\"@type\":\"ListItem\",\"position\":1,\"name\":\"Home\",\"item\":\"https:\\\/\\\/emanuelamonetti.it\\\/\"},{\"@type\":\"ListItem\",\"position\":2,\"name\":\"Blog aprile\"}]},{\"@type\":\"WebSite\",\"@id\":\"https:\\\/\\\/emanuelamonetti.it\\\/#website\",\"url\":\"https:\\\/\\\/emanuelamonetti.it\\\/\",\"name\":\"Emanuela Monetti - Graphic e Web Designer\",\"description\":\"Emanuela Monetti - Graphic e Web Designer\",\"publisher\":{\"@id\":\"https:\\\/\\\/emanuelamonetti.it\\\/#\\\/schema\\\/person\\\/6c172ace2c967d004925edcaaab997ba\"},\"potentialAction\":[{\"@type\":\"SearchAction\",\"target\":{\"@type\":\"EntryPoint\",\"urlTemplate\":\"https:\\\/\\\/emanuelamonetti.it\\\/?s={search_term_string}\"},\"query-input\":{\"@type\":\"PropertyValueSpecification\",\"valueRequired\":true,\"valueName\":\"search_term_string\"}}],\"inLanguage\":\"it-IT\"},{\"@type\":[\"Person\",\"Organization\"],\"@id\":\"https:\\\/\\\/emanuelamonetti.it\\\/#\\\/schema\\\/person\\\/6c172ace2c967d004925edcaaab997ba\",\"name\":\"admin\",\"image\":{\"@type\":\"ImageObject\",\"inLanguage\":\"it-IT\",\"@id\":\"https:\\\/\\\/emanuelamonetti.it\\\/wp-content\\\/uploads\\\/2026\\\/01\\\/cropped-nero.png\",\"url\":\"https:\\\/\\\/emanuelamonetti.it\\\/wp-content\\\/uploads\\\/2026\\\/01\\\/cropped-nero.png\",\"contentUrl\":\"https:\\\/\\\/emanuelamonetti.it\\\/wp-content\\\/uploads\\\/2026\\\/01\\\/cropped-nero.png\",\"width\":578,\"height\":225,\"caption\":\"admin\"},\"logo\":{\"@id\":\"https:\\\/\\\/emanuelamonetti.it\\\/wp-content\\\/uploads\\\/2026\\\/01\\\/cropped-nero.png\"},\"sameAs\":[\"https:\\\/\\\/www.emanuelamonetti.it\",\"https:\\\/\\\/www.instagram.com\\\/emanuela_monetti\\\/\"]}]}<\/script>\n<!-- \/ Yoast SEO plugin. -->","yoast_head_json":{"title":"Blog aprile - Emanuela Monetti - Graphic e Web Designer","robots":{"index":"index","follow":"follow","max-snippet":"max-snippet:-1","max-image-preview":"max-image-preview:large","max-video-preview":"max-video-preview:-1"},"canonical":"https:\/\/emanuelamonetti.it\/?page_id=4265","og_locale":"it_IT","og_type":"article","og_title":"Blog aprile - Emanuela Monetti - Graphic e Web Designer","og_description":"Articoli &amp; Ispirazioni Blog Pensieri, tendenze e riflessioni sul mondo del design. Approfondimenti utili per imprenditori e appassionati. Interfacce eco-friendly: la guida di riferimento per web designer nel 2026 Febbraio 27, 2026 No Comments Interfacce eco-friendly: la guida di riferimento per web designer nel 2026 Negli ultimi anni il web design ha vissuto una svolta...","og_url":"https:\/\/emanuelamonetti.it\/?page_id=4265","og_site_name":"Emanuela Monetti - Graphic e Web Designer","article_modified_time":"2026-04-04T16:21:10+00:00","og_image":[{"url":"https:\/\/www.emanuelamonetti.it\/wp-content\/uploads\/2026\/02\/unnamed-e1772185973209.jpg","type":"","width":"","height":""}],"twitter_card":"summary_large_image","twitter_misc":{"Tempo di lettura stimato":"1 minuto"},"schema":{"@context":"https:\/\/schema.org","@graph":[{"@type":"WebPage","@id":"https:\/\/emanuelamonetti.it\/?page_id=4265","url":"https:\/\/emanuelamonetti.it\/?page_id=4265","name":"Blog aprile - Emanuela Monetti - Graphic e Web Designer","isPartOf":{"@id":"https:\/\/emanuelamonetti.it\/#website"},"primaryImageOfPage":{"@id":"https:\/\/emanuelamonetti.it\/?page_id=4265#primaryimage"},"image":{"@id":"https:\/\/emanuelamonetti.it\/?page_id=4265#primaryimage"},"thumbnailUrl":"https:\/\/www.emanuelamonetti.it\/wp-content\/uploads\/2026\/02\/unnamed-e1772185973209.jpg","datePublished":"2026-04-04T14:08:34+00:00","dateModified":"2026-04-04T16:21:10+00:00","breadcrumb":{"@id":"https:\/\/emanuelamonetti.it\/?page_id=4265#breadcrumb"},"inLanguage":"it-IT","potentialAction":[{"@type":"ReadAction","target":["https:\/\/emanuelamonetti.it\/?page_id=4265"]}]},{"@type":"ImageObject","inLanguage":"it-IT","@id":"https:\/\/emanuelamonetti.it\/?page_id=4265#primaryimage","url":"https:\/\/www.emanuelamonetti.it\/wp-content\/uploads\/2026\/02\/unnamed-e1772185973209.jpg","contentUrl":"https:\/\/www.emanuelamonetti.it\/wp-content\/uploads\/2026\/02\/unnamed-e1772185973209.jpg"},{"@type":"BreadcrumbList","@id":"https:\/\/emanuelamonetti.it\/?page_id=4265#breadcrumb","itemListElement":[{"@type":"ListItem","position":1,"name":"Home","item":"https:\/\/emanuelamonetti.it\/"},{"@type":"ListItem","position":2,"name":"Blog aprile"}]},{"@type":"WebSite","@id":"https:\/\/emanuelamonetti.it\/#website","url":"https:\/\/emanuelamonetti.it\/","name":"Emanuela Monetti - Graphic e Web Designer","description":"Emanuela Monetti - Graphic e Web Designer","publisher":{"@id":"https:\/\/emanuelamonetti.it\/#\/schema\/person\/6c172ace2c967d004925edcaaab997ba"},"potentialAction":[{"@type":"SearchAction","target":{"@type":"EntryPoint","urlTemplate":"https:\/\/emanuelamonetti.it\/?s={search_term_string}"},"query-input":{"@type":"PropertyValueSpecification","valueRequired":true,"valueName":"search_term_string"}}],"inLanguage":"it-IT"},{"@type":["Person","Organization"],"@id":"https:\/\/emanuelamonetti.it\/#\/schema\/person\/6c172ace2c967d004925edcaaab997ba","name":"admin","image":{"@type":"ImageObject","inLanguage":"it-IT","@id":"https:\/\/emanuelamonetti.it\/wp-content\/uploads\/2026\/01\/cropped-nero.png","url":"https:\/\/emanuelamonetti.it\/wp-content\/uploads\/2026\/01\/cropped-nero.png","contentUrl":"https:\/\/emanuelamonetti.it\/wp-content\/uploads\/2026\/01\/cropped-nero.png","width":578,"height":225,"caption":"admin"},"logo":{"@id":"https:\/\/emanuelamonetti.it\/wp-content\/uploads\/2026\/01\/cropped-nero.png"},"sameAs":["https:\/\/www.emanuelamonetti.it","https:\/\/www.instagram.com\/emanuela_monetti\/"]}]}},"_links":{"self":[{"href":"https:\/\/emanuelamonetti.it\/index.php?rest_route=\/wp\/v2\/pages\/4265","targetHints":{"allow":["GET"]}}],"collection":[{"href":"https:\/\/emanuelamonetti.it\/index.php?rest_route=\/wp\/v2\/pages"}],"about":[{"href":"https:\/\/emanuelamonetti.it\/index.php?rest_route=\/wp\/v2\/types\/page"}],"author":[{"embeddable":true,"href":"https:\/\/emanuelamonetti.it\/index.php?rest_route=\/wp\/v2\/users\/1"}],"replies":[{"embeddable":true,"href":"https:\/\/emanuelamonetti.it\/index.php?rest_route=%2Fwp%2Fv2%2Fcomments&post=4265"}],"version-history":[{"count":28,"href":"https:\/\/emanuelamonetti.it\/index.php?rest_route=\/wp\/v2\/pages\/4265\/revisions"}],"predecessor-version":[{"id":4333,"href":"https:\/\/emanuelamonetti.it\/index.php?rest_route=\/wp\/v2\/pages\/4265\/revisions\/4333"}],"wp:attachment":[{"href":"https:\/\/emanuelamonetti.it\/index.php?rest_route=%2Fwp%2Fv2%2Fmedia&parent=4265"}],"curies":[{"name":"wp","href":"https:\/\/api.w.org\/{rel}","templated":true}]}}